{"id":8,"date":"2024-12-11T14:17:16","date_gmt":"2024-12-11T13:17:16","guid":{"rendered":"http:\/\/www.institutodeltraumayduelo.com\/?page_id=8"},"modified":"2026-03-24T18:01:01","modified_gmt":"2026-03-24T17:01:01","slug":"homepage","status":"publish","type":"page","link":"http:\/\/www.institutodeltraumayduelo.com\/","title":{"rendered":"Homepage"},"content":{"rendered":"\n<div class=\"wp-block-cover alignfull is-light\" style=\"min-height:855px;aspect-ratio:unset;\"><img loading=\"lazy\" decoding=\"async\" width=\"1365\" height=\"768\" class=\"wp-block-cover__image-background wp-image-23\" alt=\"\" src=\"http:\/\/www.institutodeltraumayduelo.com\/wp-content\/uploads\/2024\/12\/iStock-1081345958.jpg\" data-object-fit=\"cover\" srcset=\"http:\/\/www.institutodeltraumayduelo.com\/wp-content\/uploads\/2024\/12\/iStock-1081345958.jpg 1365w, http:\/\/www.institutodeltraumayduelo.com\/wp-content\/uploads\/2024\/12\/iStock-1081345958-300x169.jpg 300w, http:\/\/www.institutodeltraumayduelo.com\/wp-content\/uploads\/2024\/12\/iStock-1081345958-1024x576.jpg 1024w\" sizes=\"auto, (max-width: 1365px) 100vw, 1365px\" \/><span aria-hidden=\"true\" class=\"wp-block-cover__background has-background-dim-20 has-background-dim\" style=\"background-color:#ae9c97\"><\/span><div class=\"wp-block-cover__inner-container has-global-padding is-layout-constrained wp-block-cover-is-layout-constrained\">\n<p><\/p>\n\n\n\n<p><\/p>\n\n\n\n<p><\/p>\n\n\n\n<p class=\"has-text-align-center has-white-color has-text-color has-max-48-font-size\" style=\"font-style:normal;font-weight:900;line-height:1.2\">Instituto del Trauma Reproductivo<\/p>\n\n\n\n<p class=\"has-text-align-center has-white-color has-text-color has-medium-font-size\"><strong>Ayuda especializada para sanar el trauma y duelo reproductivo<\/strong><\/p>\n\n\n\n<div style=\"height:55px\" aria-hidden=\"true\" class=\"wp-block-spacer\"><\/div>\n\n\n\n<div class=\"wp-block-buttons is-content-justification-center is-layout-flex wp-container-core-buttons-is-layout-a89b3969 wp-block-buttons-is-layout-flex\">\n<div class=\"wp-block-button is-style-outline is-style-outline--1\"><a class=\"wp-block-button__link has-white-color has-text-color wp-element-button\" href=\"http:\/\/www.institutodeltraumayduelo.com\/index.php\/trauma-reproductivo\/\" style=\"border-radius:0px\"><strong>Saber m\u00e1s <\/strong><\/a><\/div>\n<\/div>\n<\/div><\/div>\n\n\n\n<div class=\"wp-block-group has-global-padding is-layout-constrained wp-block-group-is-layout-constrained\">\n<h2 class=\"wp-block-heading has-text-align-center has-medium-font-size\" style=\"letter-spacing:1px\">QU\u00c9 \u00c9S EL TRAUMA REPRODUCTIVO?<\/h2>\n\n\n\n<p class=\"has-text-align-left\">El trauma reproductivo es la consecuencia de eventos emocionalmente intensos y a veces superpuestos relacionados con la vida reproductiva ( aborto espont\u00e1neo, muerte fetal, infertilidad y tratamientos de fertilidad etc)..Adem\u00e1s, la infertilidad tiene un efecto d\u00f3mino, impactando en todos los \u00e1mbitos de la vida de una persona y manifest\u00e1ndose en diversos estados emocionales que en ocasiones pueden resultar abrumadores :depresi\u00f3n, ansiedad, tristeza, sentimientos de culpa, sentimientos de p\u00e9rdida, sentimientos de fracaso, verg\u00fcenza ,ira y confusi\u00f3n .<\/p>\n\n\n\n<p class=\"has-text-align-left\">Para la mayor\u00eda de las personas la experiencia de la infertilidad deja un legado de trauma que no se resuelve con el paso del tiempo, adem\u00e1s, la naturaleza c\u00edclica y repetitiva del trauma reproductivo hace que pueda convertirse en un trastorno de estr\u00e9s postraum\u00e1tico ( TEPT).Tambi\u00e9n, en ocasiones  mujeres que han conseguido un embarazo despu\u00e9s de una larga lucha de infertilidad pueden sufrir depresi\u00f3n postparto, siendo \u00e9sta una manifestaci\u00f3n de trauma. <\/p>\n\n\n\n<p class=\"has-text-align-center\"><\/p>\n\n\n\n<div class=\"wp-block-buttons is-horizontal is-content-justification-center is-layout-flex wp-container-core-buttons-is-layout-03627597 wp-block-buttons-is-layout-flex\">\n<div class=\"wp-block-button is-style-outline is-style-outline--2\"><a class=\"wp-block-button__link has-small-font-size has-custom-font-size wp-element-button\" href=\"http:\/\/www.institutodeltraumayduelo.com\/index.php\/trauma-reproductivo\/\" style=\"border-radius:0px\">Saber m\u00e1s <\/a><\/div>\n<\/div>\n<\/div>\n\n\n\n<div class=\"wp-block-group alignfull has-global-padding is-layout-constrained wp-block-group-is-layout-constrained\">\n<div class=\"wp-block-group has-global-padding is-layout-constrained wp-block-group-is-layout-constrained\" style=\"padding-top:var(--wp--preset--spacing--small);padding-bottom:var(--wp--preset--spacing--small)\">\n<div class=\"wp-block-columns is-layout-flex wp-container-core-columns-is-layout-c375d253 wp-block-columns-is-layout-flex\">\n<div class=\"wp-block-column is-vertically-aligned-center is-layout-flow wp-block-column-is-layout-flow\">\n<h2 class=\"wp-block-heading has-medium-font-size\" style=\"text-transform:uppercase\">lAS SECUELAS DEL TRAUMA REPRODUCTIVO SE PUEDEN SANAR , TE AYUDAMOS<\/h2>\n\n\n\n<p>Desde el Instituto queremos ofrecer esperanza a las personas afectadas por trauma y duelo reproductivo.. Lo primero es validar y reconocer su sufrimiento, sabemos el alcance, la dureza y la dimensi\u00f3n de lo que est\u00e1n experimentando y tambi\u00e9n a decirles existe luz al final del t\u00fanel , la terapia de trauma ayuda a sanar las memorias traum\u00e1ticas y\/o el TEPT y les permitir\u00e1 retomar su vida liber\u00e1ndose del legado del trauma, el trabajo de partes les ayudar\u00e1 a relacionarse y sanar las partes que cargan con las experiencias traum\u00e1ticas, el trabajo som\u00e1tico les ayudar\u00e1 a regular el sistema nervioso y a volver a conectar su cuerpo como un lugar seguro.<\/p>\n\n\n\n<div class=\"wp-block-buttons is-horizontal is-content-justification-left is-layout-flex wp-container-core-buttons-is-layout-20be11b6 wp-block-buttons-is-layout-flex\">\n<div class=\"wp-block-button is-style-outline is-style-outline--3\"><a class=\"wp-block-button__link wp-element-button\" href=\"http:\/\/www.institutodeltraumayduelo.com\/index.php\/terapia-de-trauma-2\/\" style=\"border-radius:0px\">Qu\u00e9 es la Terapia de Trauma?<\/a><\/div>\n<\/div>\n\n\n\n<p><\/p>\n<\/div>\n\n\n\n<div class=\"wp-block-column is-layout-flow wp-block-column-is-layout-flow\">\n<figure class=\"wp-block-image size-full\"><img loading=\"lazy\" decoding=\"async\" width=\"2121\" height=\"1414\" src=\"http:\/\/www.institutodeltraumayduelo.com\/wp-content\/uploads\/2025\/01\/iStock-1178516547.jpg\" alt=\"\" class=\"wp-image-221\" srcset=\"http:\/\/www.institutodeltraumayduelo.com\/wp-content\/uploads\/2025\/01\/iStock-1178516547.jpg 2121w, http:\/\/www.institutodeltraumayduelo.com\/wp-content\/uploads\/2025\/01\/iStock-1178516547-300x200.jpg 300w, http:\/\/www.institutodeltraumayduelo.com\/wp-content\/uploads\/2025\/01\/iStock-1178516547-1024x683.jpg 1024w, http:\/\/www.institutodeltraumayduelo.com\/wp-content\/uploads\/2025\/01\/iStock-1178516547-2000x1333.jpg 2000w\" sizes=\"auto, (max-width: 2121px) 100vw, 2121px\" \/><\/figure>\n<\/div>\n<\/div>\n\n\n\n<div style=\"height:30px\" aria-hidden=\"true\" class=\"wp-block-spacer\"><\/div>\n<\/div>\n<\/div>\n\n\n\n<div class=\"wp-block-cover alignfull has-parallax is-position-center-center\" style=\"border-radius:0px\"><div class=\"wp-block-cover__image-background wp-image-232 has-parallax\" style=\"background-position:50% 50%;background-image:url(http:\/\/www.institutodeltraumayduelo.com\/wp-content\/uploads\/2025\/01\/iStock-1130471705.jpg)\"><\/div><span aria-hidden=\"true\" class=\"wp-block-cover__background has-black-background-color has-background-dim-40 has-background-dim\"><\/span><div class=\"wp-block-cover__inner-container is-layout-flow wp-block-cover-is-layout-flow\">\n<div class=\"wp-block-group has-global-padding is-layout-constrained wp-block-group-is-layout-constrained\">\n<h3 class=\"wp-block-heading has-text-align-center has-text-color has-medium-font-size\" style=\"color:#fffffa;text-transform:uppercase\">te gustar\u00eda conocernos y saber m\u00e1s sobre c\u00f3mo podemos ayudarte ?<\/h3>\n\n\n\n<p class=\"has-text-align-center has-white-color has-text-color\"><strong>Te ofrecemos lo que t\u00fa prefieras , una llamada telef\u00f3nica o una videollamada de 20 minutos  para que podamos conocernos y explicarte c\u00f3mo trabajamos y c\u00f3mo podemos ayudarte si lo deseas <\/strong><\/p>\n\n\n\n<div style=\"height:31px\" aria-hidden=\"true\" class=\"wp-block-spacer\"><\/div>\n\n\n\n<div class=\"wp-block-buttons is-horizontal is-content-justification-center is-layout-flex wp-container-core-buttons-is-layout-03627597 wp-block-buttons-is-layout-flex\">\n<div class=\"wp-block-button is-style-outline is-style-outline--4\"><a class=\"wp-block-button__link has-white-color has-text-color wp-element-button\" href=\"http:\/\/www.institutodeltraumayduelo.com\/index.php\/contact-2\/\" style=\"border-radius:0px\">CONTACTO <\/a><\/div>\n<\/div>\n<\/div>\n<\/div><\/div>\n\n\n\n<p><\/p>\n","protected":false},"excerpt":{"rendered":"<p>QU\u00c9 \u00c9S EL TRAUMA REPRODUCTIVO? El trauma reproductivo es la consecuencia de eventos emocionalmente intensos y a veces superpuestos relacionados con la vida reproductiva ( aborto espont\u00e1neo, muerte fetal, infertilidad y tratamientos de fertilidad etc)..Adem\u00e1s, la infertilidad tiene un efecto d\u00f3mino, impactando en todos los \u00e1mbitos de la vida de una persona y manifest\u00e1ndose en &hellip; <\/p>\n<p class=\"link-more\"><a href=\"http:\/\/www.institutodeltraumayduelo.com\/\" class=\"more-link\">Read more<span class=\"screen-reader-text\"> &#8220;Homepage&#8221;<\/span><\/a><\/p>\n","protected":false},"author":1,"featured_media":0,"parent":0,"menu_order":0,"comment_status":"closed","ping_status":"closed","template":"page-templates\/homepage-no-hero.php","meta":{"footnotes":""},"class_list":["post-8","page","type-page","status-publish","hentry"],"_links":{"self":[{"href":"http:\/\/www.institutodeltraumayduelo.com\/index.php\/wp-json\/wp\/v2\/pages\/8","targetHints":{"allow":["GET"]}}],"collection":[{"href":"http:\/\/www.institutodeltraumayduelo.com\/index.php\/wp-json\/wp\/v2\/pages"}],"about":[{"href":"http:\/\/www.institutodeltraumayduelo.com\/index.php\/wp-json\/wp\/v2\/types\/page"}],"author":[{"embeddable":true,"href":"http:\/\/www.institutodeltraumayduelo.com\/index.php\/wp-json\/wp\/v2\/users\/1"}],"replies":[{"embeddable":true,"href":"http:\/\/www.institutodeltraumayduelo.com\/index.php\/wp-json\/wp\/v2\/comments?post=8"}],"version-history":[{"count":56,"href":"http:\/\/www.institutodeltraumayduelo.com\/index.php\/wp-json\/wp\/v2\/pages\/8\/revisions"}],"predecessor-version":[{"id":559,"href":"http:\/\/www.institutodeltraumayduelo.com\/index.php\/wp-json\/wp\/v2\/pages\/8\/revisions\/559"}],"wp:attachment":[{"href":"http:\/\/www.institutodeltraumayduelo.com\/index.php\/wp-json\/wp\/v2\/media?parent=8"}],"curies":[{"name":"wp","href":"https:\/\/api.w.org\/{rel}","templated":true}]}}