{"id":35,"date":"2024-12-11T19:07:47","date_gmt":"2024-12-11T18:07:47","guid":{"rendered":"http:\/\/www.institutodeltraumayduelo.com\/?page_id=35"},"modified":"2026-03-27T17:56:18","modified_gmt":"2026-03-27T16:56:18","slug":"trauma-y-tept","status":"publish","type":"page","link":"http:\/\/www.institutodeltraumayduelo.com\/index.php\/trauma-y-tept\/","title":{"rendered":"\u00bfPadeces un Trastorno de Estr\u00e9s Postraum\u00e1tico?"},"content":{"rendered":"\n<figure class=\"wp-block-image aligncenter size-full is-resized\"><img loading=\"lazy\" decoding=\"async\" width=\"724\" height=\"483\" src=\"http:\/\/www.institutodeltraumayduelo.com\/wp-content\/uploads\/2025\/01\/iStock-2156154819.jpg\" alt=\"\" class=\"wp-image-133\" style=\"aspect-ratio:1.4989989044614862;width:621px;height:auto\" srcset=\"http:\/\/www.institutodeltraumayduelo.com\/wp-content\/uploads\/2025\/01\/iStock-2156154819.jpg 724w, http:\/\/www.institutodeltraumayduelo.com\/wp-content\/uploads\/2025\/01\/iStock-2156154819-300x200.jpg 300w\" sizes=\"auto, (max-width: 724px) 100vw, 724px\" \/><\/figure>\n\n\n\n<p><\/p>\n\n\n\n<p>Sucesos como una p\u00e9rdida gestacional, uno o varios procedimientos de FIV, un parto traum\u00e1tico,un diagn\u00f3stico de infertilidad&nbsp;pueden abrumar a nuestro cerebro ,a su capacidad para integrarlos y llegar a convertirse en un trastorno de salud mental llamado <strong>TEPT ( Trastorno de Estr\u00e9s Postraum\u00e1tico)<\/strong><\/p>\n\n\n\n<p><strong>Qu\u00e9 sucede en  nuestro cerebro cuando se enfrenta a estos eventos?<\/strong><\/p>\n\n\n\n<p>Cuando nos enfrentamos a uno o alguno de estos eventos la am\u00edgdala,  el sistema de detecci\u00f3n de peligros que se aloja en nuestro cerebro,se hiperactiva, mientras que el <strong>hipocampo<\/strong> * <strong>y la corteza prefrontal <\/strong>* * no logran integrar el evento traum\u00e1tico.<\/p>\n\n\n\n<p>Como resultado, el recuerdo queda fragmentado adem\u00e1s de con una  alta carga emocional y  aunque ya haya pasado, se sigue reactivando cr\u00f3nicamente,&nbsp;como si siguiera ocurriendo.&nbsp;Esta hiperactivaci\u00f3n cerebral es la base del <strong>trastorno de estr\u00e9s postraum\u00e1tico (TEPT): revivir la experiencia, evitar recordatorios y mantenerse en estado de alerta .<\/strong><\/p>\n\n\n\n<p>&nbsp;<em><strong>Hipocampo<\/strong>* : &nbsp;el \u00e1rea del cerebro encargada de integrar la experiencia y guardarla en lo que seria nuestro \u201carchivo cerebral\u201d . <strong>Corteza Prefrontal:** <\/strong>el area del cerebro encargada de las funciones ejecutivas, es la encargada de tomar decisiones, planificar, llevar a cabo, etc <\/em><\/p>\n\n\n\n<p><strong>De hecho , existe una gran prevalencia del Trastorno de Estr\u00e9s Postraum\u00e1tico en los pacientes con infertilidad<\/strong>. Se han realizado estudios donde se ha determinado que mientras que, en la poblaci\u00f3n general, solo el 6 % de las personas experimentar\u00e1 TEPT en alg\u00fan momento de su vida, en el caso de los <strong>pacientes con infertilidad, esta cifra aumenta a m\u00e1s del 40 %.<\/strong> &nbsp;<strong> Muchas parejas que llegan a la FIV ya presentan signos de TEPT que raramente son diagnosticados <\/strong>y que hace que sobrellevar estos procesos sea extremadamente complejo y desafiante, dejando a la mujer y a la pareja emocionalmente drenados y exhaustos ,<\/p>\n\n\n\n<p><strong>C\u00f3mo puedes saber si padeces TEPT?<\/strong> *<\/p>\n\n\n\n<p>Es importante aclarar tambi\u00e9n que no todas las personas que padecen trauma reproductivo desarrollan TEPT y no todas las personas que sufren TEPT desarrollan todos los s\u00edntomas.<\/p>\n\n\n\n<p> *. <em>Disclaimer :este listado es meramente informativo y en ning\u00fan caso sustituye un diagn\u00f3stico profesional.<\/em><\/p>\n\n\n\n<p><strong>Los s\u00edntomas de TEPT se dividen en 4 categor\u00edas<\/strong><\/p>\n\n\n\n<p><strong>1) Recuerdos intrusivos<\/strong><\/p>\n\n\n\n<ul class=\"wp-block-list\">\n<li>Puedes tener recuerdos intrusivos o en forma de flashbacks, sue\u00f1os o pesadillas recurrentes : por ejemplo, recuerdos de procedimientos dif\u00edciles , dolorosos o invasivos o de abortos espont\u00e1neos , o sue\u00f1os d\u00f3nde aparecen beb\u00e9s llorando, etc <\/li>\n<\/ul>\n\n\n\n<p><strong>2) Evitaci\u00f3n<\/strong><\/p>\n\n\n\n<ul class=\"wp-block-list\">\n<li>Ignorar o reprimir sentimientos o emociones dolorosas relacionadas con la fertilidad.<\/li>\n\n\n\n<li>Evitar hablar de lo todo lo que has pasado o de cualquier cosa que te lo recuerde,<\/li>\n\n\n\n<li>Tratas de mantenerte  alejada de lugares o personas que te recuerden la infertilidad (ni\u00f1os, mujeres embarazadas, pero tambi\u00e9n puede ser todo aquello que recuerde a la cl\u00ednica o a los tratamientos de fertilidad, por ejemplo, extracciones de sangre, ecograf\u00edas , etc aunque no est\u00e9n relacionados con la reproducci\u00f3n )<\/li>\n<\/ul>\n\n\n\n<p><strong>3) Pensamientos o estados de \u00e1nimo negativos<\/strong><\/p>\n\n\n\n<ul class=\"wp-block-list\">\n<li>Depresi\u00f3n ,que puede ir desde un estado leve a un estado sin esperanza , donde se siente que ya no hay futuro<\/li>\n\n\n\n<li>Sentimientos de poca val\u00eda , autoestima baja<\/li>\n\n\n\n<li>Sentirse desconectada o emocionalmente insensible.<\/li>\n\n\n\n<li>Experimentar p\u00e9rdida de memoria, especialmente relacionada con eventos de infertilidad.<\/li>\n<\/ul>\n\n\n\n<p><strong>4) Excitaci\u00f3n y reactividad<\/strong><\/p>\n\n\n\n<ul class=\"wp-block-list\">\n<li>Sentirte ansiosa, en guardia o nervioso.<\/li>\n\n\n\n<li>Dificultad para concentrarse.<\/li>\n\n\n\n<li>Insomnio o dificultad para conciliar el sue\u00f1o.<\/li>\n<\/ul>\n\n\n\n<p>Cuando el trastorno de estr\u00e9s postraum\u00e1tico (TEPT) se \u201cinstala\u201d, el cerebro no vuelve por s\u00ed solo a su estado previo. Los sistemas cerebrales implicados quedan desregulados : la am\u00edgdala permanece hiperactiva, interpretando se\u00f1ales neutras como si fueran amenazas, mientras que la corteza prefrontal pierde parte de su capacidad para calmar esa alarma y el hipocampo no logra ubicar la experiencia como algo del pasado.<br><br>Con el tiempo, estas conexiones se refuerzan (un proceso llamado neuroplasticidad), haciendo que la respuesta de alerta se vuelva autom\u00e1tica y persistente. Por eso, sin intervenci\u00f3n, el cerebro tiende a repetir ese patr\u00f3n en lugar de corregirlo espont\u00e1neamente. Existe una gran desinformaci\u00f3n alrededor del trauma reproductivo incluso entre profesionales de la salud , por eso es bastante habitual que las personas afectadas pueden tardar a\u00f1os antes de poder ponerle nombre a lo que les est\u00e1 pasando y por lo tanto de encontrar la forma de poder superarlo,<\/p>\n\n\n\n<p>Si quieres saber como te puede ayudar la Terapia de Trauma a sanar de un Trastorno de Estr\u00e9s Postraum\u00e1tico (TEPT), entra aqu\u00ed <a href=\"http:\/\/www.institutodeltraumayduelo.com\/index.php\/terapia-de-trauma-2\/\" data-type=\"page\" data-id=\"43\">Terapia de Trauma<\/a> <\/p>\n\n\n\n<p><\/p>\n","protected":false},"excerpt":{"rendered":"<p>Sucesos como una p\u00e9rdida gestacional, uno o varios procedimientos de FIV, un parto traum\u00e1tico,un diagn\u00f3stico de infertilidad&nbsp;pueden abrumar a nuestro cerebro ,a su capacidad para integrarlos y llegar a convertirse en un trastorno de salud mental llamado TEPT ( Trastorno de Estr\u00e9s Postraum\u00e1tico) Qu\u00e9 sucede en nuestro cerebro cuando se enfrenta a estos eventos? Cuando &hellip; <\/p>\n<p class=\"link-more\"><a href=\"http:\/\/www.institutodeltraumayduelo.com\/index.php\/trauma-y-tept\/\" class=\"more-link\">Read more<span class=\"screen-reader-text\"> &#8220;\u00bfPadeces un Trastorno de Estr\u00e9s Postraum\u00e1tico?&#8221;<\/span><\/a><\/p>\n","protected":false},"author":1,"featured_media":0,"parent":0,"menu_order":0,"comment_status":"closed","ping_status":"closed","template":"","meta":{"footnotes":""},"class_list":["post-35","page","type-page","status-publish","hentry"],"_links":{"self":[{"href":"http:\/\/www.institutodeltraumayduelo.com\/index.php\/wp-json\/wp\/v2\/pages\/35","targetHints":{"allow":["GET"]}}],"collection":[{"href":"http:\/\/www.institutodeltraumayduelo.com\/index.php\/wp-json\/wp\/v2\/pages"}],"about":[{"href":"http:\/\/www.institutodeltraumayduelo.com\/index.php\/wp-json\/wp\/v2\/types\/page"}],"author":[{"embeddable":true,"href":"http:\/\/www.institutodeltraumayduelo.com\/index.php\/wp-json\/wp\/v2\/users\/1"}],"replies":[{"embeddable":true,"href":"http:\/\/www.institutodeltraumayduelo.com\/index.php\/wp-json\/wp\/v2\/comments?post=35"}],"version-history":[{"count":46,"href":"http:\/\/www.institutodeltraumayduelo.com\/index.php\/wp-json\/wp\/v2\/pages\/35\/revisions"}],"predecessor-version":[{"id":602,"href":"http:\/\/www.institutodeltraumayduelo.com\/index.php\/wp-json\/wp\/v2\/pages\/35\/revisions\/602"}],"wp:attachment":[{"href":"http:\/\/www.institutodeltraumayduelo.com\/index.php\/wp-json\/wp\/v2\/media?parent=35"}],"curies":[{"name":"wp","href":"https:\/\/api.w.org\/{rel}","templated":true}]}}